{"id":297,"date":"2020-03-02T19:25:12","date_gmt":"2020-03-02T19:25:12","guid":{"rendered":"https:\/\/www.fmidnight.com\/continental\/?page_id=297"},"modified":"2024-06-30T18:36:22","modified_gmt":"2024-06-30T18:36:22","slug":"chopin","status":"publish","type":"page","link":"https:\/\/www.fmidnight.com\/continental\/chopin\/","title":{"rendered":"Fr\u00e9d\u00e9ric Chopin"},"content":{"rendered":"\n<h1 class=\"wp-block-heading\">Fr\u00e9d\u00e9ric Chopin<\/h1>\n\n\n\n<div class=\"wp-block-media-text has-media-on-the-right is-stacked-on-mobile\"><div class=\"wp-block-media-text__content\">\n<p>Fr\u00e9d\u00e9ric Fran\u00e7ois Chopin (born Fryderyk Franciszek Chopin; 1 March 1810\u00a0\u2013 17 October 1849) was a Polish composer and virtuoso pianist of the Romantic period, who wrote primarily for solo piano. He has maintained worldwide renown as a leading musician of his era, one whose &#8220;poetic genius was based on a professional technique that was without equal in his generation&#8221;. <a href=\"https:\/\/en.wikipedia.org\/wiki\/Adam_Lambert\" data-type=\"link\" data-id=\"https:\/\/en.wikipedia.org\/wiki\/Adam_Lambert\" target=\"_blank\" rel=\"noreferrer noopener\">Read more&#8230;<\/a><\/p>\n<\/div><figure class=\"wp-block-media-text__media\"><img loading=\"lazy\" decoding=\"async\" width=\"500\" height=\"500\" src=\"https:\/\/www.fmidnight.com\/continental\/wp-content\/uploads\/2024\/06\/chopin.jpg\" alt=\"\" class=\"wp-image-3970 size-full\" srcset=\"https:\/\/www.fmidnight.com\/continental\/wp-content\/uploads\/2024\/06\/chopin.jpg 500w, https:\/\/www.fmidnight.com\/continental\/wp-content\/uploads\/2024\/06\/chopin-300x300.jpg 300w, https:\/\/www.fmidnight.com\/continental\/wp-content\/uploads\/2024\/06\/chopin-150x150.jpg 150w, https:\/\/www.fmidnight.com\/continental\/wp-content\/uploads\/2024\/06\/chopin-400x400.jpg 400w\" sizes=\"auto, (max-width: 500px) 100vw, 500px\" \/><\/figure><\/div>\n\n\n\n<h2 class=\"wp-block-heading\">Best Song<\/h2>\n\n\n<div class=\"wp-block-aiovg-video\"><div class=\"aiovg-player-container\" style=\"max-width: 100%;\"><div class=\"aiovg-player aiovg-player-iframe\" style=\"padding-bottom: 56.25%;\"><iframe src=\"https:\/\/www.fmidnight.com\/continental\/player-embed\/id\/297\/?youtube=aHR0cHM6Ly93d3cueW91dHViZS5jb20vd2F0Y2g_dj10LUpEMmJuTlF2WQ..\" title=\"\" width=\"560\" height=\"315\" frameborder=\"0\" scrolling=\"no\" allow=\"accelerometer; autoplay; clipboard-write; encrypted-media; gyroscope; picture-in-picture; web-share\" allowfullscreen loading=\"lazy\"><\/iframe><\/div><\/div><\/div>","protected":false},"excerpt":{"rendered":"<p>Fr\u00e9d\u00e9ric Chopin Fr\u00e9d\u00e9ric Fran\u00e7ois Chopin (born Fryderyk Franciszek Chopin; 1 March 1810\u00a0\u2013 17 October 1849) was a Polish composer and virtuoso pianist of the Romantic period, who wrote primarily for solo piano. He has maintained worldwide renown as a leading musician of his era, one whose &#8220;poetic genius was based on a professional technique that&hellip;&nbsp;<a href=\"https:\/\/www.fmidnight.com\/continental\/chopin\/\" rel=\"bookmark\">Read More &raquo;<span class=\"screen-reader-text\">Fr\u00e9d\u00e9ric Chopin<\/span><\/a><\/p>\n","protected":false},"author":2,"featured_media":0,"parent":0,"menu_order":0,"comment_status":"closed","ping_status":"closed","template":"","meta":{"neve_meta_sidebar":"","neve_meta_container":"","neve_meta_enable_content_width":"","neve_meta_content_width":0,"neve_meta_title_alignment":"","neve_meta_author_avatar":"","neve_post_elements_order":"","neve_meta_disable_header":"","neve_meta_disable_footer":"","neve_meta_disable_title":"","pgc_sgb_lightbox_settings":"","footnotes":""},"class_list":["post-297","page","type-page","status-publish","hentry"],"_links":{"self":[{"href":"https:\/\/www.fmidnight.com\/continental\/wp-json\/wp\/v2\/pages\/297","targetHints":{"allow":["GET"]}}],"collection":[{"href":"https:\/\/www.fmidnight.com\/continental\/wp-json\/wp\/v2\/pages"}],"about":[{"href":"https:\/\/www.fmidnight.com\/continental\/wp-json\/wp\/v2\/types\/page"}],"author":[{"embeddable":true,"href":"https:\/\/www.fmidnight.com\/continental\/wp-json\/wp\/v2\/users\/2"}],"replies":[{"embeddable":true,"href":"https:\/\/www.fmidnight.com\/continental\/wp-json\/wp\/v2\/comments?post=297"}],"version-history":[{"count":3,"href":"https:\/\/www.fmidnight.com\/continental\/wp-json\/wp\/v2\/pages\/297\/revisions"}],"predecessor-version":[{"id":5055,"href":"https:\/\/www.fmidnight.com\/continental\/wp-json\/wp\/v2\/pages\/297\/revisions\/5055"}],"wp:attachment":[{"href":"https:\/\/www.fmidnight.com\/continental\/wp-json\/wp\/v2\/media?parent=297"}],"curies":[{"name":"wp","href":"https:\/\/api.w.org\/{rel}","templated":true}]}}